{"id":1084,"date":"2013-03-21T09:08:18","date_gmt":"2013-03-21T09:08:18","guid":{"rendered":"http:\/\/prenezracines.tb6380.com\/?page_id=1084"},"modified":"2013-03-21T09:08:18","modified_gmt":"2013-03-21T09:08:18","slug":"le-progres","status":"publish","type":"page","link":"http:\/\/prenezracines.tb6380.com\/?page_id=1084","title":{"rendered":"Le Progr\u00e8s"},"content":{"rendered":"<p>Chantier jeune du 25 f\u00e9vrier au 27 mars 2013<\/p>\n<p><a href=\"http:\/\/prenezracines.tb6380.com\/?attachment_id=1077\" rel=\"attachment wp-att-1077\"><img loading=\"lazy\" decoding=\"async\" class=\"aligncenter size-full wp-image-1077\" alt=\"article Le Progr\u00e8s 4.03.2013\" src=\"http:\/\/prenezracines.tb6380.com\/wp-content\/uploads\/2013\/03\/article-Le-Progr\u00e8s-4.03.2013.jpg\" width=\"715\" height=\"1600\" \/><\/a><\/p>\n<p>&nbsp;<\/p>\n<p>&nbsp;<\/p>\n<p>&nbsp;<\/p>\n<p>&nbsp;<\/p>\n<p>Tree party III, 1 an d\u00e9j\u00e0 !<\/p>\n<p><a href=\"http:\/\/prenezracines.tb6380.com\/?attachment_id=1085\" rel=\"attachment wp-att-1085\"><img loading=\"lazy\" decoding=\"async\" class=\"aligncenter size-full wp-image-1085\" alt=\"Tree-Party-3-du-24-11-12--724x1024\" src=\"http:\/\/prenezracines.tb6380.com\/wp-content\/uploads\/2013\/03\/Tree-Party-3-du-24-11-12-724x1024.jpg\" width=\"724\" height=\"1024\" srcset=\"http:\/\/prenezracines.tb6380.com\/wp-content\/uploads\/2013\/03\/Tree-Party-3-du-24-11-12-724x1024.jpg 724w, http:\/\/prenezracines.tb6380.com\/wp-content\/uploads\/2013\/03\/Tree-Party-3-du-24-11-12-724x1024-212x300.jpg 212w\" sizes=\"auto, (max-width: 724px) 100vw, 724px\" \/><\/a><\/p>\n<p>&nbsp;<\/p>\n","protected":false},"excerpt":{"rendered":"<p>Chantier jeune du 25 f\u00e9vrier au 27 mars 2013 &nbsp; &nbsp; &nbsp; &nbsp; Tree party III, 1 an d\u00e9j\u00e0 ! &nbsp;<\/p>\n","protected":false},"author":2,"featured_media":0,"parent":0,"menu_order":0,"comment_status":"open","ping_status":"open","template":"","meta":{"footnotes":""},"class_list":["post-1084","page","type-page","status-publish","hentry"],"_links":{"self":[{"href":"http:\/\/prenezracines.tb6380.com\/index.php?rest_route=\/wp\/v2\/pages\/1084","targetHints":{"allow":["GET"]}}],"collection":[{"href":"http:\/\/prenezracines.tb6380.com\/index.php?rest_route=\/wp\/v2\/pages"}],"about":[{"href":"http:\/\/prenezracines.tb6380.com\/index.php?rest_route=\/wp\/v2\/types\/page"}],"author":[{"embeddable":true,"href":"http:\/\/prenezracines.tb6380.com\/index.php?rest_route=\/wp\/v2\/users\/2"}],"replies":[{"embeddable":true,"href":"http:\/\/prenezracines.tb6380.com\/index.php?rest_route=%2Fwp%2Fv2%2Fcomments&post=1084"}],"version-history":[{"count":1,"href":"http:\/\/prenezracines.tb6380.com\/index.php?rest_route=\/wp\/v2\/pages\/1084\/revisions"}],"predecessor-version":[{"id":1086,"href":"http:\/\/prenezracines.tb6380.com\/index.php?rest_route=\/wp\/v2\/pages\/1084\/revisions\/1086"}],"wp:attachment":[{"href":"http:\/\/prenezracines.tb6380.com\/index.php?rest_route=%2Fwp%2Fv2%2Fmedia&parent=1084"}],"curies":[{"name":"wp","href":"https:\/\/api.w.org\/{rel}","templated":true}]}}