{"id":114,"date":"2011-02-23T13:28:17","date_gmt":"2011-02-23T13:28:17","guid":{"rendered":"http:\/\/prenezracines.tb6380.com\/?page_id=114"},"modified":"2011-02-23T13:28:17","modified_gmt":"2011-02-23T13:28:17","slug":"devenez-parrains-marraines","status":"publish","type":"page","link":"http:\/\/prenezracines.tb6380.com\/?page_id=114","title":{"rendered":"Devenez parrains-marraines"},"content":{"rendered":"<p style=\"text-align: justify;\">La MJC La\u00ebnnec-Mermoz et Thierry Boutonnier vous invitent <strong>\u00e0 devenir parrain et marraine de ces arbres<\/strong> qui participeront \u00e0 notre futur cadre de vie. Petits et grands, vous pouvez vous joindre au projet en contactant ou en postant ce <a href=\"..\/wp-content\/uploads\/2011\/02\/questionnaire.pdf\">questionnaire<\/a> d\u00fbment rempli\u00a0 \u00e0 l&rsquo;adresse de la Maison de la Jeunesse et de la Culture.<a href=\"http:\/\/prenezracines.tb6380.com\/wp-content\/uploads\/2011\/02\/questionnaire.pdf\"><\/a><\/p>\n<p><span style=\"text-decoration: underline;\"> <\/span><\/p>\n<p style=\"text-align: center;\"><span style=\"text-decoration: underline;\">Contact :<\/span><\/p>\n<p style=\"text-align: center;\">21, rue genton 69008 Lyon<br \/>\nt\u00e9l: 04 37 90 55 90<br \/>\nfax: 04 37 90 55 99<a href=\"mailto:info@mjclaennecmermoz.fr\"><br \/>\ninfo@mjclaennecmermoz.fr<\/a><br \/>\nou<br \/>\n<a href=\"mailto:contact@prenezracines.tb6380.com\">contact@prenezracines.tb6380.com<\/a><\/p>\n","protected":false},"excerpt":{"rendered":"<p>La MJC La\u00ebnnec-Mermoz et Thierry Boutonnier vous invitent \u00e0 devenir parrain et marraine de ces arbres qui participeront \u00e0 notre futur cadre de vie. Petits et grands, vous pouvez vous joindre au projet en contactant ou en postant ce questionnaire &hellip; <a href=\"http:\/\/prenezracines.tb6380.com\/?page_id=114\">Continuer la lecture <span class=\"meta-nav\">&rarr;<\/span><\/a><\/p>\n","protected":false},"author":1,"featured_media":0,"parent":0,"menu_order":0,"comment_status":"open","ping_status":"open","template":"","meta":{"footnotes":""},"class_list":["post-114","page","type-page","status-publish","hentry"],"_links":{"self":[{"href":"http:\/\/prenezracines.tb6380.com\/index.php?rest_route=\/wp\/v2\/pages\/114","targetHints":{"allow":["GET"]}}],"collection":[{"href":"http:\/\/prenezracines.tb6380.com\/index.php?rest_route=\/wp\/v2\/pages"}],"about":[{"href":"http:\/\/prenezracines.tb6380.com\/index.php?rest_route=\/wp\/v2\/types\/page"}],"author":[{"embeddable":true,"href":"http:\/\/prenezracines.tb6380.com\/index.php?rest_route=\/wp\/v2\/users\/1"}],"replies":[{"embeddable":true,"href":"http:\/\/prenezracines.tb6380.com\/index.php?rest_route=%2Fwp%2Fv2%2Fcomments&post=114"}],"version-history":[{"count":1,"href":"http:\/\/prenezracines.tb6380.com\/index.php?rest_route=\/wp\/v2\/pages\/114\/revisions"}],"predecessor-version":[{"id":116,"href":"http:\/\/prenezracines.tb6380.com\/index.php?rest_route=\/wp\/v2\/pages\/114\/revisions\/116"}],"wp:attachment":[{"href":"http:\/\/prenezracines.tb6380.com\/index.php?rest_route=%2Fwp%2Fv2%2Fmedia&parent=114"}],"curies":[{"name":"wp","href":"https:\/\/api.w.org\/{rel}","templated":true}]}}