{"id":390,"date":"2011-07-08T10:02:05","date_gmt":"2011-07-08T10:02:05","guid":{"rendered":"http:\/\/prenezracines.tb6380.com\/?page_id=390"},"modified":"2011-07-08T10:02:39","modified_gmt":"2011-07-08T10:02:39","slug":"projets-urbains-avec-le-lycee-professionnel-tony-garnier","status":"publish","type":"page","link":"http:\/\/prenezracines.tb6380.com\/?page_id=390","title":{"rendered":"Projets urbains avec le Lyc\u00e9e Professionnel Tony Garnier"},"content":{"rendered":"<p style=\"text-align: right;\"><a href=\"http:\/\/prenezracines.tb6380.com\/wp-content\/uploads\/2011\/04\/entete-TG.jpg\"><img loading=\"lazy\" decoding=\"async\" class=\"aligncenter size-full wp-image-295\" title=\"entete-TG\" src=\"http:\/\/prenezracines.tb6380.com\/wp-content\/uploads\/2011\/04\/entete-TG.jpg\" alt=\"\" width=\"549\" height=\"235\" srcset=\"http:\/\/prenezracines.tb6380.com\/wp-content\/uploads\/2011\/04\/entete-TG.jpg 549w, http:\/\/prenezracines.tb6380.com\/wp-content\/uploads\/2011\/04\/entete-TG-300x128.jpg 300w\" sizes=\"auto, (max-width: 549px) 100vw, 549px\" \/><\/a><strong>Jeudi 12 mai 2011<\/strong><\/p>\n<p style=\"text-align: justify;\">Apr\u00e8s 4 mois  d\u2019immersion dans le quartier de Mermoz et plusieurs  \u00e9changes avec  l\u2019artiste Thierry Boutonnier, la classe 1\u00e8re bac pro  \u00ab\u00a0assistant  d\u2019architecture\u00a0\u00bb et \u00ab\u00a0\u00e9conomie de la construction\u00a0\u00bb du  Lyc\u00e9e Tony  Garnier vous invite \u00e0 d\u00e9couvrir leurs propositions de projet  d\u2019urbanisme  pour le futur quartier Mermoz.<\/p>\n<p style=\"text-align: justify;\">Une contrainte : int\u00e9grer le projet artistique <em>Prenez Racines ! <\/em>dans   leurs propositions. Vous pourrez d\u00e9couvrir des projets inattendus,   parfois fantaisistes qui s\u2019attachent \u00e0 r\u00e9pondre aux exigences de   l\u2019urbanisme actuel.<\/p>\n<p style=\"text-align: justify;\">D\u00e9couvrez les photos des diff\u00e9rents projets des \u00e9tudiants :<\/p>\n<div id=\"attachment_391\" style=\"width: 280px\" class=\"wp-caption alignleft\"><a href=\"http:\/\/prenezracines.tb6380.com\/wp-content\/uploads\/2011\/07\/chicanne_2.jpg\"><img loading=\"lazy\" decoding=\"async\" aria-describedby=\"caption-attachment-391\" class=\"size-medium wp-image-391 \" title=\"chicanne_2\" src=\"http:\/\/prenezracines.tb6380.com\/wp-content\/uploads\/2011\/07\/chicanne_2-300x265.jpg\" alt=\"\" width=\"270\" height=\"239\" srcset=\"http:\/\/prenezracines.tb6380.com\/wp-content\/uploads\/2011\/07\/chicanne_2-300x265.jpg 300w, http:\/\/prenezracines.tb6380.com\/wp-content\/uploads\/2011\/07\/chicanne_2.jpg 800w\" sizes=\"auto, (max-width: 270px) 100vw, 270px\" \/><\/a><p id=\"caption-attachment-391\" class=\"wp-caption-text\">Proposition de chicane<\/p><\/div>\n<p style=\"text-align: center;\">\n<p><a href=\"http:\/\/prenezracines.tb6380.com\/wp-content\/uploads\/2011\/07\/pepiniere_chicanne.jpg\"><br \/>\n<\/a><\/p>\n<p><a href=\"http:\/\/prenezracines.tb6380.com\/wp-content\/uploads\/2011\/07\/nursery.jpg\"><br \/>\n<\/a><\/p>\n<div id=\"attachment_392\" style=\"width: 310px\" class=\"wp-caption alignleft\"><a href=\"http:\/\/prenezracines.tb6380.com\/wp-content\/uploads\/2011\/07\/pepiniere_chicanne.jpg\"><img loading=\"lazy\" decoding=\"async\" aria-describedby=\"caption-attachment-392\" class=\"size-medium wp-image-392\" title=\"pepiniere_chicanne\" src=\"http:\/\/prenezracines.tb6380.com\/wp-content\/uploads\/2011\/07\/pepiniere_chicanne-300x175.jpg\" alt=\"\" width=\"300\" height=\"175\" srcset=\"http:\/\/prenezracines.tb6380.com\/wp-content\/uploads\/2011\/07\/pepiniere_chicanne-300x175.jpg 300w, http:\/\/prenezracines.tb6380.com\/wp-content\/uploads\/2011\/07\/pepiniere_chicanne.jpg 800w\" sizes=\"auto, (max-width: 300px) 100vw, 300px\" \/><\/a><p id=\"caption-attachment-392\" class=\"wp-caption-text\">Croquis de la chicanne<\/p><\/div>\n<p style=\"text-align: center;\">\n<div id=\"attachment_394\" style=\"width: 258px\" class=\"wp-caption aligncenter\"><a href=\"http:\/\/prenezracines.tb6380.com\/wp-content\/uploads\/2011\/07\/nursery.jpg\"><img loading=\"lazy\" decoding=\"async\" aria-describedby=\"caption-attachment-394\" class=\"size-medium wp-image-394\" title=\"nursery\" src=\"http:\/\/prenezracines.tb6380.com\/wp-content\/uploads\/2011\/07\/nursery-248x300.jpg\" alt=\"\" width=\"248\" height=\"300\" srcset=\"http:\/\/prenezracines.tb6380.com\/wp-content\/uploads\/2011\/07\/nursery-248x300.jpg 248w, http:\/\/prenezracines.tb6380.com\/wp-content\/uploads\/2011\/07\/nursery.jpg 663w\" sizes=\"auto, (max-width: 248px) 100vw, 248px\" \/><\/a><p id=\"caption-attachment-394\" class=\"wp-caption-text\">La nursery<\/p><\/div>\n<div id=\"attachment_403\" style=\"width: 310px\" class=\"wp-caption alignright\"><a href=\"http:\/\/prenezracines.tb6380.com\/wp-content\/uploads\/2011\/07\/espace_lisse.jpg\"><img loading=\"lazy\" decoding=\"async\" aria-describedby=\"caption-attachment-403\" class=\"size-medium wp-image-403\" title=\"espace_lisse\" src=\"http:\/\/prenezracines.tb6380.com\/wp-content\/uploads\/2011\/07\/espace_lisse-300x177.jpg\" alt=\"\" width=\"300\" height=\"177\" srcset=\"http:\/\/prenezracines.tb6380.com\/wp-content\/uploads\/2011\/07\/espace_lisse-300x177.jpg 300w, http:\/\/prenezracines.tb6380.com\/wp-content\/uploads\/2011\/07\/espace_lisse.jpg 800w\" sizes=\"auto, (max-width: 300px) 100vw, 300px\" \/><\/a><p id=\"caption-attachment-403\" class=\"wp-caption-text\">Le quartier de Mermoz - Un espace vert<\/p><\/div>\n<div id=\"attachment_404\" style=\"width: 310px\" class=\"wp-caption alignleft\"><a href=\"http:\/\/prenezracines.tb6380.com\/wp-content\/uploads\/2011\/07\/ruine.jpg\"><img loading=\"lazy\" decoding=\"async\" aria-describedby=\"caption-attachment-404\" class=\"size-medium wp-image-404\" title=\"ruine\" src=\"http:\/\/prenezracines.tb6380.com\/wp-content\/uploads\/2011\/07\/ruine-300x201.jpg\" alt=\"\" width=\"300\" height=\"201\" srcset=\"http:\/\/prenezracines.tb6380.com\/wp-content\/uploads\/2011\/07\/ruine-300x201.jpg 300w, http:\/\/prenezracines.tb6380.com\/wp-content\/uploads\/2011\/07\/ruine.jpg 800w\" sizes=\"auto, (max-width: 300px) 100vw, 300px\" \/><\/a><p id=\"caption-attachment-404\" class=\"wp-caption-text\">2154 - Mermoz au patrimoine<\/p><\/div>\n<div id=\"attachment_405\" style=\"width: 310px\" class=\"wp-caption aligncenter\"><a href=\"http:\/\/prenezracines.tb6380.com\/wp-content\/uploads\/2011\/07\/sauvage.jpg\"><img loading=\"lazy\" decoding=\"async\" aria-describedby=\"caption-attachment-405\" class=\"size-medium wp-image-405\" title=\"sauvage\" src=\"http:\/\/prenezracines.tb6380.com\/wp-content\/uploads\/2011\/07\/sauvage-300x232.jpg\" alt=\"\" width=\"300\" height=\"232\" srcset=\"http:\/\/prenezracines.tb6380.com\/wp-content\/uploads\/2011\/07\/sauvage-300x232.jpg 300w, http:\/\/prenezracines.tb6380.com\/wp-content\/uploads\/2011\/07\/sauvage.jpg 800w\" sizes=\"auto, (max-width: 300px) 100vw, 300px\" \/><\/a><p id=\"caption-attachment-405\" class=\"wp-caption-text\">Mermoz - grand espace vert naturel<\/p><\/div>\n<div id=\"attachment_406\" style=\"width: 294px\" class=\"wp-caption alignright\"><a href=\"http:\/\/prenezracines.tb6380.com\/wp-content\/uploads\/2011\/07\/rondpoint.jpg\"><img loading=\"lazy\" decoding=\"async\" aria-describedby=\"caption-attachment-406\" class=\"size-medium wp-image-406\" title=\"rondpoint\" src=\"http:\/\/prenezracines.tb6380.com\/wp-content\/uploads\/2011\/07\/rondpoint-284x300.jpg\" alt=\"\" width=\"284\" height=\"300\" srcset=\"http:\/\/prenezracines.tb6380.com\/wp-content\/uploads\/2011\/07\/rondpoint-284x300.jpg 284w, http:\/\/prenezracines.tb6380.com\/wp-content\/uploads\/2011\/07\/rondpoint.jpg 759w\" sizes=\"auto, (max-width: 284px) 100vw, 284px\" \/><\/a><p id=\"caption-attachment-406\" class=\"wp-caption-text\">Urbanisme sym\u00e9trique - Un entre soi<\/p><\/div>\n<div id=\"attachment_408\" style=\"width: 310px\" class=\"wp-caption aligncenter\"><a href=\"http:\/\/prenezracines.tb6380.com\/wp-content\/uploads\/2011\/07\/tram_2.jpg\"><img loading=\"lazy\" decoding=\"async\" aria-describedby=\"caption-attachment-408\" class=\"size-medium wp-image-408\" title=\"tram_2\" src=\"http:\/\/prenezracines.tb6380.com\/wp-content\/uploads\/2011\/07\/tram_2-300x255.jpg\" alt=\"\" width=\"300\" height=\"255\" srcset=\"http:\/\/prenezracines.tb6380.com\/wp-content\/uploads\/2011\/07\/tram_2-300x255.jpg 300w, http:\/\/prenezracines.tb6380.com\/wp-content\/uploads\/2011\/07\/tram_2.jpg 800w\" sizes=\"auto, (max-width: 300px) 100vw, 300px\" \/><\/a><p id=\"caption-attachment-408\" class=\"wp-caption-text\">Mermoz a\u00e9r\u00e9 et accessible<\/p><\/div>\n<div id=\"attachment_409\" style=\"width: 310px\" class=\"wp-caption alignleft\"><a href=\"http:\/\/prenezracines.tb6380.com\/wp-content\/uploads\/2011\/07\/medoc.jpg\"><img loading=\"lazy\" decoding=\"async\" aria-describedby=\"caption-attachment-409\" class=\"size-medium wp-image-409\" title=\"medoc\" src=\"http:\/\/prenezracines.tb6380.com\/wp-content\/uploads\/2011\/07\/medoc-300x201.jpg\" alt=\"\" width=\"300\" height=\"201\" srcset=\"http:\/\/prenezracines.tb6380.com\/wp-content\/uploads\/2011\/07\/medoc-300x201.jpg 300w, http:\/\/prenezracines.tb6380.com\/wp-content\/uploads\/2011\/07\/medoc.jpg 800w\" sizes=\"auto, (max-width: 300px) 100vw, 300px\" \/><\/a><p id=\"caption-attachment-409\" class=\"wp-caption-text\">Blancheur = bonheur ?<\/p><\/div>\n<div id=\"attachment_410\" style=\"width: 232px\" class=\"wp-caption alignright\"><a href=\"http:\/\/prenezracines.tb6380.com\/wp-content\/uploads\/2011\/07\/troglo.jpg\"><img loading=\"lazy\" decoding=\"async\" aria-describedby=\"caption-attachment-410\" class=\"size-medium wp-image-410\" title=\"troglo\" src=\"http:\/\/prenezracines.tb6380.com\/wp-content\/uploads\/2011\/07\/troglo-222x300.jpg\" alt=\"\" width=\"222\" height=\"300\" srcset=\"http:\/\/prenezracines.tb6380.com\/wp-content\/uploads\/2011\/07\/troglo-222x300.jpg 222w, http:\/\/prenezracines.tb6380.com\/wp-content\/uploads\/2011\/07\/troglo.jpg 594w\" sizes=\"auto, (max-width: 222px) 100vw, 222px\" \/><\/a><p id=\"caption-attachment-410\" class=\"wp-caption-text\">Ville troglodyte<\/p><\/div>\n<div id=\"attachment_411\" style=\"width: 310px\" class=\"wp-caption aligncenter\"><a href=\"http:\/\/prenezracines.tb6380.com\/wp-content\/uploads\/2011\/07\/presentation.jpg\"><img loading=\"lazy\" decoding=\"async\" aria-describedby=\"caption-attachment-411\" class=\"size-medium wp-image-411\" title=\"presentation\" src=\"http:\/\/prenezracines.tb6380.com\/wp-content\/uploads\/2011\/07\/presentation-300x201.jpg\" alt=\"\" width=\"300\" height=\"201\" srcset=\"http:\/\/prenezracines.tb6380.com\/wp-content\/uploads\/2011\/07\/presentation-300x201.jpg 300w, http:\/\/prenezracines.tb6380.com\/wp-content\/uploads\/2011\/07\/presentation.jpg 800w\" sizes=\"auto, (max-width: 300px) 100vw, 300px\" \/><\/a><p id=\"caption-attachment-411\" class=\"wp-caption-text\">La restitution<\/p><\/div>\n","protected":false},"excerpt":{"rendered":"<p>Jeudi 12 mai 2011 Apr\u00e8s 4 mois d\u2019immersion dans le quartier de Mermoz et plusieurs \u00e9changes avec l\u2019artiste Thierry Boutonnier, la classe 1\u00e8re bac pro \u00ab\u00a0assistant d\u2019architecture\u00a0\u00bb et \u00ab\u00a0\u00e9conomie de la construction\u00a0\u00bb du Lyc\u00e9e Tony Garnier vous invite \u00e0 d\u00e9couvrir &hellip; <a href=\"http:\/\/prenezracines.tb6380.com\/?page_id=390\">Continuer la lecture <span class=\"meta-nav\">&rarr;<\/span><\/a><\/p>\n","protected":false},"author":2,"featured_media":0,"parent":0,"menu_order":0,"comment_status":"open","ping_status":"open","template":"","meta":{"footnotes":""},"class_list":["post-390","page","type-page","status-publish","hentry"],"_links":{"self":[{"href":"http:\/\/prenezracines.tb6380.com\/index.php?rest_route=\/wp\/v2\/pages\/390","targetHints":{"allow":["GET"]}}],"collection":[{"href":"http:\/\/prenezracines.tb6380.com\/index.php?rest_route=\/wp\/v2\/pages"}],"about":[{"href":"http:\/\/prenezracines.tb6380.com\/index.php?rest_route=\/wp\/v2\/types\/page"}],"author":[{"embeddable":true,"href":"http:\/\/prenezracines.tb6380.com\/index.php?rest_route=\/wp\/v2\/users\/2"}],"replies":[{"embeddable":true,"href":"http:\/\/prenezracines.tb6380.com\/index.php?rest_route=%2Fwp%2Fv2%2Fcomments&post=390"}],"version-history":[{"count":13,"href":"http:\/\/prenezracines.tb6380.com\/index.php?rest_route=\/wp\/v2\/pages\/390\/revisions"}],"predecessor-version":[{"id":416,"href":"http:\/\/prenezracines.tb6380.com\/index.php?rest_route=\/wp\/v2\/pages\/390\/revisions\/416"}],"wp:attachment":[{"href":"http:\/\/prenezracines.tb6380.com\/index.php?rest_route=%2Fwp%2Fv2%2Fmedia&parent=390"}],"curies":[{"name":"wp","href":"https:\/\/api.w.org\/{rel}","templated":true}]}}