{"id":40,"date":"2011-01-18T11:37:23","date_gmt":"2011-01-18T11:37:23","guid":{"rendered":"http:\/\/prenezracines.tb6380.com\/?page_id=40"},"modified":"2011-02-18T10:55:05","modified_gmt":"2011-02-18T10:55:05","slug":"cartes","status":"publish","type":"page","link":"http:\/\/prenezracines.tb6380.com\/?page_id=40","title":{"rendered":"Cartes"},"content":{"rendered":"<p><a href=\"http:\/\/prenezracines.tb6380.com\/wp-content\/uploads\/2011\/01\/1824.jpg\"><img loading=\"lazy\" decoding=\"async\" class=\"alignnone size-medium wp-image-41\" title=\"1824\" src=\"http:\/\/prenezracines.tb6380.com\/wp-content\/uploads\/2011\/01\/1824-300x225.jpg\" alt=\"\" width=\"300\" height=\"225\" srcset=\"http:\/\/prenezracines.tb6380.com\/wp-content\/uploads\/2011\/01\/1824-300x225.jpg 300w, http:\/\/prenezracines.tb6380.com\/wp-content\/uploads\/2011\/01\/1824.jpg 800w\" sizes=\"auto, (max-width: 300px) 100vw, 300px\" \/><\/a><\/p>\n<p><a href=\"http:\/\/prenezracines.tb6380.com\/wp-content\/uploads\/2011\/01\/1900.jpg\"><img loading=\"lazy\" decoding=\"async\" class=\"alignnone size-medium wp-image-42\" title=\"1900\" src=\"http:\/\/prenezracines.tb6380.com\/wp-content\/uploads\/2011\/01\/1900-300x225.jpg\" alt=\"\" width=\"300\" height=\"225\" srcset=\"http:\/\/prenezracines.tb6380.com\/wp-content\/uploads\/2011\/01\/1900-300x225.jpg 300w, http:\/\/prenezracines.tb6380.com\/wp-content\/uploads\/2011\/01\/1900.jpg 800w\" sizes=\"auto, (max-width: 300px) 100vw, 300px\" \/><\/a><\/p>\n<p><a href=\"http:\/\/prenezracines.tb6380.com\/wp-content\/uploads\/2011\/01\/1924.jpg\"><img loading=\"lazy\" decoding=\"async\" class=\"alignnone size-medium wp-image-43\" title=\"1924\" src=\"http:\/\/prenezracines.tb6380.com\/wp-content\/uploads\/2011\/01\/1924-300x225.jpg\" alt=\"\" width=\"300\" height=\"225\" srcset=\"http:\/\/prenezracines.tb6380.com\/wp-content\/uploads\/2011\/01\/1924-300x225.jpg 300w, http:\/\/prenezracines.tb6380.com\/wp-content\/uploads\/2011\/01\/1924.jpg 800w\" sizes=\"auto, (max-width: 300px) 100vw, 300px\" \/><\/a><\/p>\n<p><a href=\"http:\/\/prenezracines.tb6380.com\/wp-content\/uploads\/2011\/01\/1945.jpg\"><img loading=\"lazy\" decoding=\"async\" class=\"alignnone size-medium wp-image-44\" title=\"1945\" src=\"http:\/\/prenezracines.tb6380.com\/wp-content\/uploads\/2011\/01\/1945-300x225.jpg\" alt=\"\" width=\"300\" height=\"225\" srcset=\"http:\/\/prenezracines.tb6380.com\/wp-content\/uploads\/2011\/01\/1945-300x225.jpg 300w, http:\/\/prenezracines.tb6380.com\/wp-content\/uploads\/2011\/01\/1945.jpg 800w\" sizes=\"auto, (max-width: 300px) 100vw, 300px\" \/><\/a><\/p>\n<p><a href=\"http:\/\/prenezracines.tb6380.com\/wp-content\/uploads\/2011\/01\/1945.jpg\"><\/a><a href=\"http:\/\/prenezracines.tb6380.com\/wp-content\/uploads\/2011\/01\/1960.jpg\"><img loading=\"lazy\" decoding=\"async\" class=\"alignnone size-medium wp-image-45\" title=\"1960\" src=\"http:\/\/prenezracines.tb6380.com\/wp-content\/uploads\/2011\/01\/1960-300x225.jpg\" alt=\"\" width=\"300\" height=\"225\" srcset=\"http:\/\/prenezracines.tb6380.com\/wp-content\/uploads\/2011\/01\/1960-300x225.jpg 300w, http:\/\/prenezracines.tb6380.com\/wp-content\/uploads\/2011\/01\/1960.jpg 800w\" sizes=\"auto, (max-width: 300px) 100vw, 300px\" \/><\/a><\/p>\n<p><a href=\"http:\/\/prenezracines.tb6380.com\/wp-content\/uploads\/2011\/01\/1979.jpg\"><img loading=\"lazy\" decoding=\"async\" class=\"alignnone size-medium wp-image-46\" title=\"1979\" src=\"http:\/\/prenezracines.tb6380.com\/wp-content\/uploads\/2011\/01\/1979-300x225.jpg\" alt=\"\" width=\"300\" height=\"225\" srcset=\"http:\/\/prenezracines.tb6380.com\/wp-content\/uploads\/2011\/01\/1979-300x225.jpg 300w, http:\/\/prenezracines.tb6380.com\/wp-content\/uploads\/2011\/01\/1979.jpg 800w\" sizes=\"auto, (max-width: 300px) 100vw, 300px\" \/><\/a><\/p>\n<p><a href=\"http:\/\/prenezracines.tb6380.com\/wp-content\/uploads\/2011\/01\/2001.jpg\"><img loading=\"lazy\" decoding=\"async\" class=\"alignnone size-medium wp-image-47\" title=\"2001\" src=\"http:\/\/prenezracines.tb6380.com\/wp-content\/uploads\/2011\/01\/2001-300x225.jpg\" alt=\"\" width=\"300\" height=\"225\" srcset=\"http:\/\/prenezracines.tb6380.com\/wp-content\/uploads\/2011\/01\/2001-300x225.jpg 300w, http:\/\/prenezracines.tb6380.com\/wp-content\/uploads\/2011\/01\/2001.jpg 800w\" sizes=\"auto, (max-width: 300px) 100vw, 300px\" \/><\/a><\/p>\n<p>Voici des cartes retravaill\u00e9es du 8\u00e8me arrondissement r\u00e9unies gr\u00e2ce \u00e0 l&rsquo;aide des services arch\u00e9ologiques de la ville de Lyon (Merci Fabienne, merci Laurent).\u00a0Je remercie aussi les archives municipales et d\u00e9partementales.<\/p>\n<p>J&rsquo;ai pu ainsi r\u00e9aliser cette \u00ab\u00a0nappe du temps\u00a0\u00bb afin de partager le g\u00e2teau avec le quartier.<\/p>\n<p><a href=\"http:\/\/prenezracines.tb6380.com\/wp-content\/uploads\/2011\/01\/nape_du_temps.jpg\"><img loading=\"lazy\" decoding=\"async\" class=\"alignnone size-medium wp-image-48\" title=\"nape_du_temps\" src=\"http:\/\/prenezracines.tb6380.com\/wp-content\/uploads\/2011\/01\/nape_du_temps-300x99.jpg\" alt=\"\" width=\"300\" height=\"99\" srcset=\"http:\/\/prenezracines.tb6380.com\/wp-content\/uploads\/2011\/01\/nape_du_temps-300x99.jpg 300w, http:\/\/prenezracines.tb6380.com\/wp-content\/uploads\/2011\/01\/nape_du_temps.jpg 800w\" sizes=\"auto, (max-width: 300px) 100vw, 300px\" \/><\/a><\/p>\n","protected":false},"excerpt":{"rendered":"<p>Voici des cartes retravaill\u00e9es du 8\u00e8me arrondissement r\u00e9unies gr\u00e2ce \u00e0 l&rsquo;aide des services arch\u00e9ologiques de la ville de Lyon (Merci Fabienne, merci Laurent).\u00a0Je remercie aussi les archives municipales et d\u00e9partementales. J&rsquo;ai pu ainsi r\u00e9aliser cette \u00ab\u00a0nappe du temps\u00a0\u00bb afin de &hellip; <a href=\"http:\/\/prenezracines.tb6380.com\/?page_id=40\">Continuer la lecture <span class=\"meta-nav\">&rarr;<\/span><\/a><\/p>\n","protected":false},"author":1,"featured_media":0,"parent":0,"menu_order":6,"comment_status":"open","ping_status":"open","template":"","meta":{"footnotes":""},"class_list":["post-40","page","type-page","status-publish","hentry"],"_links":{"self":[{"href":"http:\/\/prenezracines.tb6380.com\/index.php?rest_route=\/wp\/v2\/pages\/40","targetHints":{"allow":["GET"]}}],"collection":[{"href":"http:\/\/prenezracines.tb6380.com\/index.php?rest_route=\/wp\/v2\/pages"}],"about":[{"href":"http:\/\/prenezracines.tb6380.com\/index.php?rest_route=\/wp\/v2\/types\/page"}],"author":[{"embeddable":true,"href":"http:\/\/prenezracines.tb6380.com\/index.php?rest_route=\/wp\/v2\/users\/1"}],"replies":[{"embeddable":true,"href":"http:\/\/prenezracines.tb6380.com\/index.php?rest_route=%2Fwp%2Fv2%2Fcomments&post=40"}],"version-history":[{"count":3,"href":"http:\/\/prenezracines.tb6380.com\/index.php?rest_route=\/wp\/v2\/pages\/40\/revisions"}],"predecessor-version":[{"id":105,"href":"http:\/\/prenezracines.tb6380.com\/index.php?rest_route=\/wp\/v2\/pages\/40\/revisions\/105"}],"wp:attachment":[{"href":"http:\/\/prenezracines.tb6380.com\/index.php?rest_route=%2Fwp%2Fv2%2Fmedia&parent=40"}],"curies":[{"name":"wp","href":"https:\/\/api.w.org\/{rel}","templated":true}]}}