{"id":436,"date":"2011-07-12T08:47:12","date_gmt":"2011-07-12T08:47:12","guid":{"rendered":"http:\/\/prenezracines.tb6380.com\/?page_id=436"},"modified":"2011-07-12T08:48:25","modified_gmt":"2011-07-12T08:48:25","slug":"du-4-au-11-juillet","status":"publish","type":"page","link":"http:\/\/prenezracines.tb6380.com\/?page_id=436","title":{"rendered":"Du 4 au 11 Juillet"},"content":{"rendered":"<p><strong>Quartier encoll\u00e9 : <\/strong><\/p>\n<p>Durant cette premi\u00e8re semaine de Juillet et pour Show Patate, nous avons fait du d\u00e9coupage d&rsquo;affiches, puis coll\u00e9 les morceaux choisies. Un grand merci au Centre social La\u00ebnnec et \u00e0 toute sa formidable \u00e9quipe.<\/p>\n<p><a href=\"http:\/\/prenezracines.tb6380.com\/wp-content\/uploads\/2011\/07\/porte.jpg\"><img loading=\"lazy\" decoding=\"async\" class=\"alignnone size-thumbnail wp-image-437\" title=\"porte\" src=\"http:\/\/prenezracines.tb6380.com\/wp-content\/uploads\/2011\/07\/porte-150x150.jpg\" alt=\"\" width=\"150\" height=\"150\" \/><\/a><a href=\"http:\/\/prenezracines.tb6380.com\/wp-content\/uploads\/2011\/07\/col_1.jpg\"><img loading=\"lazy\" decoding=\"async\" class=\"alignnone size-thumbnail wp-image-439\" title=\"col_1\" src=\"http:\/\/prenezracines.tb6380.com\/wp-content\/uploads\/2011\/07\/col_1-150x150.jpg\" alt=\"\" width=\"150\" height=\"150\" \/><\/a><a href=\"http:\/\/prenezracines.tb6380.com\/wp-content\/uploads\/2011\/07\/col_2.jpg\"><img loading=\"lazy\" decoding=\"async\" class=\"alignnone size-thumbnail wp-image-440\" title=\"col_2\" src=\"http:\/\/prenezracines.tb6380.com\/wp-content\/uploads\/2011\/07\/col_2-150x150.jpg\" alt=\"\" width=\"150\" height=\"150\" \/><\/a><a href=\"http:\/\/prenezracines.tb6380.com\/wp-content\/uploads\/2011\/07\/col_3.jpg\"><img loading=\"lazy\" decoding=\"async\" class=\"alignnone size-thumbnail wp-image-441\" title=\"col_3\" src=\"http:\/\/prenezracines.tb6380.com\/wp-content\/uploads\/2011\/07\/col_3-150x150.jpg\" alt=\"\" width=\"150\" height=\"150\" \/><\/a><a href=\"http:\/\/prenezracines.tb6380.com\/wp-content\/uploads\/2011\/07\/col_5.jpg\"><img loading=\"lazy\" decoding=\"async\" class=\"alignnone size-thumbnail wp-image-442\" title=\"col_5\" src=\"http:\/\/prenezracines.tb6380.com\/wp-content\/uploads\/2011\/07\/col_5-150x150.jpg\" alt=\"\" width=\"150\" height=\"150\" \/><\/a><a href=\"http:\/\/prenezracines.tb6380.com\/wp-content\/uploads\/2011\/07\/col_7.jpg\"><img loading=\"lazy\" decoding=\"async\" class=\"alignnone size-thumbnail wp-image-443\" title=\"col_7\" src=\"http:\/\/prenezracines.tb6380.com\/wp-content\/uploads\/2011\/07\/col_7-150x150.jpg\" alt=\"\" width=\"150\" height=\"150\" \/><\/a><a href=\"http:\/\/prenezracines.tb6380.com\/wp-content\/uploads\/2011\/07\/col_8.jpg\"><img loading=\"lazy\" decoding=\"async\" class=\"alignnone size-thumbnail wp-image-444\" title=\"col_8\" src=\"http:\/\/prenezracines.tb6380.com\/wp-content\/uploads\/2011\/07\/col_8-150x150.jpg\" alt=\"\" width=\"150\" height=\"150\" \/><\/a><a href=\"http:\/\/prenezracines.tb6380.com\/wp-content\/uploads\/2011\/07\/collec.jpg\"><img loading=\"lazy\" decoding=\"async\" class=\"alignnone size-thumbnail wp-image-445\" title=\"collec\" src=\"http:\/\/prenezracines.tb6380.com\/wp-content\/uploads\/2011\/07\/collec-150x150.jpg\" alt=\"\" width=\"150\" height=\"150\" \/><\/a><a href=\"http:\/\/prenezracines.tb6380.com\/wp-content\/uploads\/2011\/07\/decoupage_2.jpg\"><img loading=\"lazy\" decoding=\"async\" class=\"alignnone size-thumbnail wp-image-446\" title=\"decoupage_2\" src=\"http:\/\/prenezracines.tb6380.com\/wp-content\/uploads\/2011\/07\/decoupage_2-150x150.jpg\" alt=\"\" width=\"150\" height=\"150\" \/><\/a><a href=\"http:\/\/prenezracines.tb6380.com\/wp-content\/uploads\/2011\/07\/decoupage.jpg\"><img loading=\"lazy\" decoding=\"async\" class=\"alignnone size-thumbnail wp-image-447\" title=\"decoupage\" src=\"http:\/\/prenezracines.tb6380.com\/wp-content\/uploads\/2011\/07\/decoupage-150x150.jpg\" alt=\"\" width=\"150\" height=\"150\" \/><\/a><a href=\"http:\/\/prenezracines.tb6380.com\/wp-content\/uploads\/2011\/07\/entre.jpg\"><img loading=\"lazy\" decoding=\"async\" class=\"alignnone size-thumbnail wp-image-448\" title=\"entre\" src=\"http:\/\/prenezracines.tb6380.com\/wp-content\/uploads\/2011\/07\/entre-150x150.jpg\" alt=\"\" width=\"150\" height=\"150\" \/><\/a><a href=\"http:\/\/prenezracines.tb6380.com\/wp-content\/uploads\/2011\/07\/palissade_1.jpg\"><img loading=\"lazy\" decoding=\"async\" class=\"alignnone size-thumbnail wp-image-449\" title=\"palissade_1\" src=\"http:\/\/prenezracines.tb6380.com\/wp-content\/uploads\/2011\/07\/palissade_1-150x150.jpg\" alt=\"\" width=\"150\" height=\"150\" \/><\/a><a href=\"http:\/\/prenezracines.tb6380.com\/wp-content\/uploads\/2011\/07\/palissade.jpg\"><img loading=\"lazy\" decoding=\"async\" class=\"alignnone size-thumbnail wp-image-450\" title=\"palissade\" src=\"http:\/\/prenezracines.tb6380.com\/wp-content\/uploads\/2011\/07\/palissade-150x150.jpg\" alt=\"\" width=\"150\" height=\"150\" \/><\/a><a href=\"http:\/\/prenezracines.tb6380.com\/wp-content\/uploads\/2011\/07\/Panorama_collage.jpg\"><img loading=\"lazy\" decoding=\"async\" class=\"alignnone size-thumbnail wp-image-451\" title=\"Panorama_collage\" src=\"http:\/\/prenezracines.tb6380.com\/wp-content\/uploads\/2011\/07\/Panorama_collage-150x109.jpg\" alt=\"\" width=\"150\" height=\"109\" \/><\/a><a href=\"http:\/\/prenezracines.tb6380.com\/wp-content\/uploads\/2011\/07\/DSC0015.jpg\"><img loading=\"lazy\" decoding=\"async\" class=\"alignnone size-thumbnail wp-image-453\" title=\"_DSC0015\" src=\"http:\/\/prenezracines.tb6380.com\/wp-content\/uploads\/2011\/07\/DSC0015-150x150.jpg\" alt=\"\" width=\"150\" height=\"150\" \/><\/a><a href=\"http:\/\/prenezracines.tb6380.com\/wp-content\/uploads\/2011\/07\/DSC0016.jpg\"><img loading=\"lazy\" decoding=\"async\" class=\"alignnone size-thumbnail wp-image-454\" title=\"_DSC0016\" src=\"http:\/\/prenezracines.tb6380.com\/wp-content\/uploads\/2011\/07\/DSC0016-150x150.jpg\" alt=\"\" width=\"150\" height=\"150\" \/><\/a><a href=\"http:\/\/prenezracines.tb6380.com\/wp-content\/uploads\/2011\/07\/DSC0018.jpg\"><img loading=\"lazy\" decoding=\"async\" class=\"alignnone size-thumbnail wp-image-455\" title=\"_DSC0018\" src=\"http:\/\/prenezracines.tb6380.com\/wp-content\/uploads\/2011\/07\/DSC0018-150x150.jpg\" alt=\"\" width=\"150\" height=\"150\" \/><\/a><a href=\"http:\/\/prenezracines.tb6380.com\/wp-content\/uploads\/2011\/07\/DSC0019.jpg\"><img loading=\"lazy\" decoding=\"async\" class=\"alignnone size-thumbnail wp-image-456\" title=\"_DSC0019\" src=\"http:\/\/prenezracines.tb6380.com\/wp-content\/uploads\/2011\/07\/DSC0019-150x150.jpg\" alt=\"\" width=\"150\" height=\"150\" \/><\/a><a href=\"http:\/\/prenezracines.tb6380.com\/wp-content\/uploads\/2011\/07\/DSC0022.jpg\"><img loading=\"lazy\" decoding=\"async\" class=\"alignnone size-thumbnail wp-image-457\" title=\"_DSC0022\" src=\"http:\/\/prenezracines.tb6380.com\/wp-content\/uploads\/2011\/07\/DSC0022-150x150.jpg\" alt=\"\" width=\"150\" height=\"150\" \/><\/a><\/p>\n","protected":false},"excerpt":{"rendered":"<p>Quartier encoll\u00e9 : Durant cette premi\u00e8re semaine de Juillet et pour Show Patate, nous avons fait du d\u00e9coupage d&rsquo;affiches, puis coll\u00e9 les morceaux choisies. Un grand merci au Centre social La\u00ebnnec et \u00e0 toute sa formidable \u00e9quipe.<\/p>\n","protected":false},"author":1,"featured_media":0,"parent":0,"menu_order":0,"comment_status":"open","ping_status":"open","template":"","meta":{"footnotes":""},"class_list":["post-436","page","type-page","status-publish","hentry"],"_links":{"self":[{"href":"http:\/\/prenezracines.tb6380.com\/index.php?rest_route=\/wp\/v2\/pages\/436","targetHints":{"allow":["GET"]}}],"collection":[{"href":"http:\/\/prenezracines.tb6380.com\/index.php?rest_route=\/wp\/v2\/pages"}],"about":[{"href":"http:\/\/prenezracines.tb6380.com\/index.php?rest_route=\/wp\/v2\/types\/page"}],"author":[{"embeddable":true,"href":"http:\/\/prenezracines.tb6380.com\/index.php?rest_route=\/wp\/v2\/users\/1"}],"replies":[{"embeddable":true,"href":"http:\/\/prenezracines.tb6380.com\/index.php?rest_route=%2Fwp%2Fv2%2Fcomments&post=436"}],"version-history":[{"count":2,"href":"http:\/\/prenezracines.tb6380.com\/index.php?rest_route=\/wp\/v2\/pages\/436\/revisions"}],"predecessor-version":[{"id":459,"href":"http:\/\/prenezracines.tb6380.com\/index.php?rest_route=\/wp\/v2\/pages\/436\/revisions\/459"}],"wp:attachment":[{"href":"http:\/\/prenezracines.tb6380.com\/index.php?rest_route=%2Fwp%2Fv2%2Fmedia&parent=436"}],"curies":[{"name":"wp","href":"https:\/\/api.w.org\/{rel}","templated":true}]}}