{"id":461,"date":"2011-07-12T09:05:04","date_gmt":"2011-07-12T09:05:04","guid":{"rendered":"http:\/\/prenezracines.tb6380.com\/?page_id=461"},"modified":"2011-07-12T09:06:59","modified_gmt":"2011-07-12T09:06:59","slug":"show-patate","status":"publish","type":"page","link":"http:\/\/prenezracines.tb6380.com\/?page_id=461","title":{"rendered":"Show Patate !"},"content":{"rendered":"<p><a href=\"http:\/\/prenezracines.tb6380.com\/wp-content\/uploads\/2011\/07\/DSC0061.jpg\"><img loading=\"lazy\" decoding=\"async\" class=\"alignnone size-thumbnail wp-image-462\" title=\"_DSC0061\" src=\"http:\/\/prenezracines.tb6380.com\/wp-content\/uploads\/2011\/07\/DSC0061-150x150.jpg\" alt=\"\" width=\"150\" height=\"150\" \/><\/a><a href=\"http:\/\/prenezracines.tb6380.com\/wp-content\/uploads\/2011\/07\/DSC0064.jpg\"><img loading=\"lazy\" decoding=\"async\" class=\"alignnone size-thumbnail wp-image-463\" title=\"_DSC0064\" src=\"http:\/\/prenezracines.tb6380.com\/wp-content\/uploads\/2011\/07\/DSC0064-150x150.jpg\" alt=\"\" width=\"150\" height=\"150\" \/><\/a><a href=\"http:\/\/prenezracines.tb6380.com\/wp-content\/uploads\/2011\/07\/DSC0071.jpg\"><img loading=\"lazy\" decoding=\"async\" class=\"alignnone size-thumbnail wp-image-464\" title=\"_DSC0071\" src=\"http:\/\/prenezracines.tb6380.com\/wp-content\/uploads\/2011\/07\/DSC0071-150x150.jpg\" alt=\"\" width=\"150\" height=\"150\" \/><\/a><a href=\"http:\/\/prenezracines.tb6380.com\/wp-content\/uploads\/2011\/07\/DSC0081.jpg\"><img loading=\"lazy\" decoding=\"async\" class=\"alignnone size-thumbnail wp-image-465\" title=\"_DSC0081\" src=\"http:\/\/prenezracines.tb6380.com\/wp-content\/uploads\/2011\/07\/DSC0081-150x150.jpg\" alt=\"\" width=\"150\" height=\"150\" \/><\/a><a href=\"http:\/\/prenezracines.tb6380.com\/wp-content\/uploads\/2011\/07\/DSC0083.jpg\"><img loading=\"lazy\" decoding=\"async\" class=\"alignnone size-thumbnail wp-image-466\" title=\"_DSC0083\" src=\"http:\/\/prenezracines.tb6380.com\/wp-content\/uploads\/2011\/07\/DSC0083-150x150.jpg\" alt=\"\" width=\"150\" height=\"150\" \/><\/a><a href=\"http:\/\/prenezracines.tb6380.com\/wp-content\/uploads\/2011\/07\/DSC0085.jpg\"><img loading=\"lazy\" decoding=\"async\" class=\"alignnone size-thumbnail wp-image-469\" title=\"_DSC0085\" src=\"http:\/\/prenezracines.tb6380.com\/wp-content\/uploads\/2011\/07\/DSC0085-150x150.jpg\" alt=\"\" width=\"150\" height=\"150\" \/><\/a><a href=\"http:\/\/prenezracines.tb6380.com\/wp-content\/uploads\/2011\/07\/DSC0086.jpg\"><img loading=\"lazy\" decoding=\"async\" class=\"alignnone size-thumbnail wp-image-470\" title=\"_DSC0086\" src=\"http:\/\/prenezracines.tb6380.com\/wp-content\/uploads\/2011\/07\/DSC0086-150x150.jpg\" alt=\"\" width=\"150\" height=\"150\" \/><\/a><a href=\"http:\/\/prenezracines.tb6380.com\/wp-content\/uploads\/2011\/07\/DSC0084.jpg\"><img loading=\"lazy\" decoding=\"async\" class=\"alignnone size-thumbnail wp-image-468\" title=\"_DSC0084\" src=\"http:\/\/prenezracines.tb6380.com\/wp-content\/uploads\/2011\/07\/DSC0084-150x150.jpg\" alt=\"\" width=\"150\" height=\"150\" \/><\/a><a href=\"http:\/\/prenezracines.tb6380.com\/wp-content\/uploads\/2011\/07\/DSC0087.jpg\"><img loading=\"lazy\" decoding=\"async\" class=\"alignnone size-thumbnail wp-image-471\" title=\"_DSC0087\" src=\"http:\/\/prenezracines.tb6380.com\/wp-content\/uploads\/2011\/07\/DSC0087-150x150.jpg\" alt=\"\" width=\"150\" height=\"150\" \/><\/a><a href=\"http:\/\/prenezracines.tb6380.com\/wp-content\/uploads\/2011\/07\/DSC0096.jpg\"><img loading=\"lazy\" decoding=\"async\" class=\"alignnone size-thumbnail wp-image-472\" title=\"_DSC0096\" src=\"http:\/\/prenezracines.tb6380.com\/wp-content\/uploads\/2011\/07\/DSC0096-150x150.jpg\" alt=\"\" width=\"150\" height=\"150\" \/><\/a><a href=\"http:\/\/prenezracines.tb6380.com\/wp-content\/uploads\/2011\/07\/DSC0105.jpg\"><img loading=\"lazy\" decoding=\"async\" class=\"alignnone size-thumbnail wp-image-473\" title=\"_DSC0105\" src=\"http:\/\/prenezracines.tb6380.com\/wp-content\/uploads\/2011\/07\/DSC0105-150x150.jpg\" alt=\"\" width=\"150\" height=\"150\" \/><\/a><a href=\"http:\/\/prenezracines.tb6380.com\/wp-content\/uploads\/2011\/07\/DSC0106.jpg\"><img loading=\"lazy\" decoding=\"async\" class=\"alignnone size-thumbnail wp-image-474\" title=\"_DSC0106\" src=\"http:\/\/prenezracines.tb6380.com\/wp-content\/uploads\/2011\/07\/DSC0106-150x150.jpg\" alt=\"\" width=\"150\" height=\"150\" \/><\/a><a href=\"http:\/\/prenezracines.tb6380.com\/wp-content\/uploads\/2011\/07\/DSC0108.jpg\"><img loading=\"lazy\" decoding=\"async\" class=\"alignnone size-thumbnail wp-image-475\" title=\"_DSC0108\" src=\"http:\/\/prenezracines.tb6380.com\/wp-content\/uploads\/2011\/07\/DSC0108-150x150.jpg\" alt=\"\" width=\"150\" height=\"150\" \/><\/a><a href=\"http:\/\/prenezracines.tb6380.com\/wp-content\/uploads\/2011\/07\/DSC0130.jpg\"><img loading=\"lazy\" decoding=\"async\" class=\"alignnone size-thumbnail wp-image-476\" title=\"_DSC0130\" src=\"http:\/\/prenezracines.tb6380.com\/wp-content\/uploads\/2011\/07\/DSC0130-150x150.jpg\" alt=\"\" width=\"150\" height=\"150\" \/><\/a><a href=\"http:\/\/prenezracines.tb6380.com\/wp-content\/uploads\/2011\/07\/DSC0133.jpg\"><img loading=\"lazy\" decoding=\"async\" class=\"alignnone size-thumbnail wp-image-477\" title=\"_DSC0133\" src=\"http:\/\/prenezracines.tb6380.com\/wp-content\/uploads\/2011\/07\/DSC0133-150x150.jpg\" alt=\"\" width=\"150\" height=\"150\" \/><\/a><a href=\"http:\/\/prenezracines.tb6380.com\/wp-content\/uploads\/2011\/07\/DSC0147.jpg\"><img loading=\"lazy\" decoding=\"async\" class=\"alignnone size-thumbnail wp-image-478\" title=\"_DSC0147\" src=\"http:\/\/prenezracines.tb6380.com\/wp-content\/uploads\/2011\/07\/DSC0147-150x150.jpg\" alt=\"\" width=\"150\" height=\"150\" \/><\/a><a href=\"http:\/\/prenezracines.tb6380.com\/wp-content\/uploads\/2011\/07\/DSC0151.jpg\"><img loading=\"lazy\" decoding=\"async\" class=\"alignnone size-thumbnail wp-image-479\" title=\"_DSC0151\" src=\"http:\/\/prenezracines.tb6380.com\/wp-content\/uploads\/2011\/07\/DSC0151-150x150.jpg\" alt=\"\" width=\"150\" height=\"150\" \/><\/a><a href=\"http:\/\/prenezracines.tb6380.com\/wp-content\/uploads\/2011\/07\/DSC0174.jpg\"><img loading=\"lazy\" decoding=\"async\" class=\"alignnone size-thumbnail wp-image-480\" title=\"_DSC0174\" src=\"http:\/\/prenezracines.tb6380.com\/wp-content\/uploads\/2011\/07\/DSC0174-150x150.jpg\" alt=\"\" width=\"150\" height=\"150\" \/><\/a><a href=\"http:\/\/prenezracines.tb6380.com\/wp-content\/uploads\/2011\/07\/DSC0186.jpg\"><img loading=\"lazy\" decoding=\"async\" class=\"alignnone size-thumbnail wp-image-481\" title=\"_DSC0186\" src=\"http:\/\/prenezracines.tb6380.com\/wp-content\/uploads\/2011\/07\/DSC0186-150x150.jpg\" alt=\"\" width=\"150\" height=\"150\" \/><\/a><a href=\"http:\/\/prenezracines.tb6380.com\/wp-content\/uploads\/2011\/07\/DSC0228.jpg\"><img loading=\"lazy\" decoding=\"async\" class=\"alignnone size-thumbnail wp-image-482\" title=\"_DSC0228\" src=\"http:\/\/prenezracines.tb6380.com\/wp-content\/uploads\/2011\/07\/DSC0228-150x150.jpg\" alt=\"\" width=\"150\" height=\"150\" \/><\/a><a href=\"http:\/\/prenezracines.tb6380.com\/wp-content\/uploads\/2011\/07\/DSC0237.jpg\"><img loading=\"lazy\" decoding=\"async\" class=\"alignnone size-thumbnail wp-image-483\" title=\"_DSC0237\" src=\"http:\/\/prenezracines.tb6380.com\/wp-content\/uploads\/2011\/07\/DSC0237-150x150.jpg\" alt=\"\" width=\"150\" height=\"150\" \/><\/a><a href=\"http:\/\/prenezracines.tb6380.com\/wp-content\/uploads\/2011\/07\/DSC0241.jpg\"><img loading=\"lazy\" decoding=\"async\" class=\"alignnone size-thumbnail wp-image-484\" title=\"_DSC0241\" src=\"http:\/\/prenezracines.tb6380.com\/wp-content\/uploads\/2011\/07\/DSC0241-150x150.jpg\" alt=\"\" width=\"150\" height=\"150\" \/><\/a><a href=\"http:\/\/prenezracines.tb6380.com\/wp-content\/uploads\/2011\/07\/DSC0243.jpg\"><img loading=\"lazy\" decoding=\"async\" class=\"alignnone size-thumbnail wp-image-485\" title=\"_DSC0243\" src=\"http:\/\/prenezracines.tb6380.com\/wp-content\/uploads\/2011\/07\/DSC0243-150x150.jpg\" alt=\"\" width=\"150\" height=\"150\" \/><\/a><a href=\"http:\/\/prenezracines.tb6380.com\/wp-content\/uploads\/2011\/07\/DSC0258.jpg\"><img loading=\"lazy\" decoding=\"async\" class=\"alignnone size-thumbnail wp-image-486\" title=\"_DSC0258\" src=\"http:\/\/prenezracines.tb6380.com\/wp-content\/uploads\/2011\/07\/DSC0258-150x150.jpg\" alt=\"\" width=\"150\" height=\"150\" \/><\/a><a href=\"http:\/\/prenezracines.tb6380.com\/wp-content\/uploads\/2011\/07\/DSC0259.jpg\"><img loading=\"lazy\" decoding=\"async\" class=\"alignnone size-thumbnail wp-image-487\" title=\"_DSC0259\" src=\"http:\/\/prenezracines.tb6380.com\/wp-content\/uploads\/2011\/07\/DSC0259-150x150.jpg\" alt=\"\" width=\"150\" height=\"150\" \/><\/a><a href=\"http:\/\/prenezracines.tb6380.com\/wp-content\/uploads\/2011\/07\/DSC0261.jpg\"><img loading=\"lazy\" decoding=\"async\" class=\"alignnone size-thumbnail wp-image-488\" title=\"_DSC0261\" src=\"http:\/\/prenezracines.tb6380.com\/wp-content\/uploads\/2011\/07\/DSC0261-150x150.jpg\" alt=\"\" width=\"150\" height=\"150\" \/><\/a><a href=\"http:\/\/prenezracines.tb6380.com\/wp-content\/uploads\/2011\/07\/DSC0275.jpg\"><img loading=\"lazy\" decoding=\"async\" class=\"alignnone size-thumbnail wp-image-489\" title=\"_DSC0275\" src=\"http:\/\/prenezracines.tb6380.com\/wp-content\/uploads\/2011\/07\/DSC0275-150x150.jpg\" alt=\"\" width=\"150\" height=\"150\" \/><\/a><a href=\"http:\/\/prenezracines.tb6380.com\/wp-content\/uploads\/2011\/07\/DSC0277.jpg\"><img loading=\"lazy\" decoding=\"async\" class=\"alignnone size-thumbnail wp-image-490\" title=\"_DSC0277\" src=\"http:\/\/prenezracines.tb6380.com\/wp-content\/uploads\/2011\/07\/DSC0277-150x150.jpg\" alt=\"\" width=\"150\" height=\"150\" \/><\/a><a href=\"http:\/\/prenezracines.tb6380.com\/wp-content\/uploads\/2011\/07\/DSC0279.jpg\"><img loading=\"lazy\" decoding=\"async\" class=\"alignnone size-thumbnail wp-image-491\" title=\"_DSC0279\" src=\"http:\/\/prenezracines.tb6380.com\/wp-content\/uploads\/2011\/07\/DSC0279-150x150.jpg\" alt=\"\" width=\"150\" height=\"150\" \/><\/a><a href=\"http:\/\/prenezracines.tb6380.com\/wp-content\/uploads\/2011\/07\/DSC0286.jpg\"><img loading=\"lazy\" decoding=\"async\" class=\"alignnone size-thumbnail wp-image-492\" title=\"_DSC0286\" src=\"http:\/\/prenezracines.tb6380.com\/wp-content\/uploads\/2011\/07\/DSC0286-150x150.jpg\" alt=\"\" width=\"150\" height=\"150\" \/><\/a><a href=\"http:\/\/prenezracines.tb6380.com\/wp-content\/uploads\/2011\/07\/DSC0291.jpg\"><img loading=\"lazy\" decoding=\"async\" class=\"alignnone size-thumbnail wp-image-493\" title=\"_DSC0291\" src=\"http:\/\/prenezracines.tb6380.com\/wp-content\/uploads\/2011\/07\/DSC0291-150x150.jpg\" alt=\"\" width=\"150\" height=\"150\" \/><\/a><a href=\"http:\/\/prenezracines.tb6380.com\/wp-content\/uploads\/2011\/07\/DSC0301.jpg\"><img loading=\"lazy\" decoding=\"async\" class=\"alignnone size-thumbnail wp-image-494\" title=\"_DSC0301\" src=\"http:\/\/prenezracines.tb6380.com\/wp-content\/uploads\/2011\/07\/DSC0301-150x150.jpg\" alt=\"\" width=\"150\" height=\"150\" \/><\/a><a href=\"http:\/\/prenezracines.tb6380.com\/wp-content\/uploads\/2011\/07\/DSC0312.jpg\"><img loading=\"lazy\" decoding=\"async\" class=\"alignnone size-thumbnail wp-image-495\" title=\"_DSC0312\" src=\"http:\/\/prenezracines.tb6380.com\/wp-content\/uploads\/2011\/07\/DSC0312-150x150.jpg\" alt=\"\" width=\"150\" height=\"150\" \/><\/a><a href=\"http:\/\/prenezracines.tb6380.com\/wp-content\/uploads\/2011\/07\/DSC0317.jpg\"><img loading=\"lazy\" decoding=\"async\" class=\"alignnone size-thumbnail wp-image-496\" title=\"_DSC0317\" src=\"http:\/\/prenezracines.tb6380.com\/wp-content\/uploads\/2011\/07\/DSC0317-150x150.jpg\" alt=\"\" width=\"150\" height=\"150\" \/><\/a><a href=\"http:\/\/prenezracines.tb6380.com\/wp-content\/uploads\/2011\/07\/DSC0318.jpg\"><img loading=\"lazy\" decoding=\"async\" class=\"alignnone size-thumbnail wp-image-497\" title=\"_DSC0318\" src=\"http:\/\/prenezracines.tb6380.com\/wp-content\/uploads\/2011\/07\/DSC0318-150x150.jpg\" alt=\"\" width=\"150\" height=\"150\" \/><\/a><a href=\"http:\/\/prenezracines.tb6380.com\/wp-content\/uploads\/2011\/07\/DSC0319.jpg\"><img loading=\"lazy\" decoding=\"async\" class=\"alignnone size-thumbnail wp-image-498\" title=\"_DSC0319\" src=\"http:\/\/prenezracines.tb6380.com\/wp-content\/uploads\/2011\/07\/DSC0319-150x150.jpg\" alt=\"\" width=\"150\" height=\"150\" \/><\/a><a href=\"http:\/\/prenezracines.tb6380.com\/wp-content\/uploads\/2011\/07\/DSC0320.jpg\"><img loading=\"lazy\" decoding=\"async\" class=\"alignnone size-thumbnail wp-image-499\" title=\"_DSC0320\" src=\"http:\/\/prenezracines.tb6380.com\/wp-content\/uploads\/2011\/07\/DSC0320-150x150.jpg\" alt=\"\" width=\"150\" height=\"150\" \/><\/a><a href=\"http:\/\/prenezracines.tb6380.com\/wp-content\/uploads\/2011\/07\/DSC0324.jpg\"><img loading=\"lazy\" decoding=\"async\" class=\"alignnone size-thumbnail wp-image-500\" title=\"_DSC0324\" src=\"http:\/\/prenezracines.tb6380.com\/wp-content\/uploads\/2011\/07\/DSC0324-150x150.jpg\" alt=\"\" width=\"150\" height=\"150\" \/><\/a><a href=\"http:\/\/prenezracines.tb6380.com\/wp-content\/uploads\/2011\/07\/DSC0326.jpg\"><img loading=\"lazy\" decoding=\"async\" class=\"alignnone size-thumbnail wp-image-501\" title=\"_DSC0326\" src=\"http:\/\/prenezracines.tb6380.com\/wp-content\/uploads\/2011\/07\/DSC0326-150x150.jpg\" alt=\"\" width=\"150\" height=\"150\" \/><\/a><a href=\"http:\/\/prenezracines.tb6380.com\/wp-content\/uploads\/2011\/07\/DSC0328.jpg\"><img loading=\"lazy\" decoding=\"async\" class=\"alignnone size-thumbnail wp-image-502\" title=\"_DSC0328\" src=\"http:\/\/prenezracines.tb6380.com\/wp-content\/uploads\/2011\/07\/DSC0328-150x150.jpg\" alt=\"\" width=\"150\" height=\"150\" \/><\/a><a href=\"http:\/\/prenezracines.tb6380.com\/wp-content\/uploads\/2011\/07\/DSC0330.jpg\"><img loading=\"lazy\" decoding=\"async\" class=\"alignnone size-thumbnail wp-image-503\" title=\"_DSC0330\" src=\"http:\/\/prenezracines.tb6380.com\/wp-content\/uploads\/2011\/07\/DSC0330-150x150.jpg\" alt=\"\" width=\"150\" height=\"150\" \/><\/a><a href=\"http:\/\/prenezracines.tb6380.com\/wp-content\/uploads\/2011\/07\/DSC0336.jpg\"><img loading=\"lazy\" decoding=\"async\" class=\"alignnone size-thumbnail wp-image-504\" title=\"_DSC0336\" src=\"http:\/\/prenezracines.tb6380.com\/wp-content\/uploads\/2011\/07\/DSC0336-150x150.jpg\" alt=\"\" width=\"150\" height=\"150\" \/><\/a><a href=\"http:\/\/prenezracines.tb6380.com\/wp-content\/uploads\/2011\/07\/DSC0337.jpg\"><img loading=\"lazy\" decoding=\"async\" class=\"alignnone size-thumbnail wp-image-505\" title=\"_DSC0337\" src=\"http:\/\/prenezracines.tb6380.com\/wp-content\/uploads\/2011\/07\/DSC0337-150x150.jpg\" alt=\"\" width=\"150\" height=\"150\" \/><\/a><\/p>\n<p>Un grand merci au centre social, \u00e0 toutes son \u00e9quipe, merci \u00e0 la MJC&#8230; C&rsquo;\u00e9tait bien bon&#8230;<\/p>\n<p>Clin d&rsquo;oeil \u00e0 G\u00e9.<\/p>\n","protected":false},"excerpt":{"rendered":"<p>Un grand merci au centre social, \u00e0 toutes son \u00e9quipe, merci \u00e0 la MJC&#8230; C&rsquo;\u00e9tait bien bon&#8230; Clin d&rsquo;oeil \u00e0 G\u00e9.<\/p>\n","protected":false},"author":1,"featured_media":0,"parent":0,"menu_order":0,"comment_status":"open","ping_status":"open","template":"","meta":{"footnotes":""},"class_list":["post-461","page","type-page","status-publish","hentry"],"_links":{"self":[{"href":"http:\/\/prenezracines.tb6380.com\/index.php?rest_route=\/wp\/v2\/pages\/461","targetHints":{"allow":["GET"]}}],"collection":[{"href":"http:\/\/prenezracines.tb6380.com\/index.php?rest_route=\/wp\/v2\/pages"}],"about":[{"href":"http:\/\/prenezracines.tb6380.com\/index.php?rest_route=\/wp\/v2\/types\/page"}],"author":[{"embeddable":true,"href":"http:\/\/prenezracines.tb6380.com\/index.php?rest_route=\/wp\/v2\/users\/1"}],"replies":[{"embeddable":true,"href":"http:\/\/prenezracines.tb6380.com\/index.php?rest_route=%2Fwp%2Fv2%2Fcomments&post=461"}],"version-history":[{"count":3,"href":"http:\/\/prenezracines.tb6380.com\/index.php?rest_route=\/wp\/v2\/pages\/461\/revisions"}],"predecessor-version":[{"id":507,"href":"http:\/\/prenezracines.tb6380.com\/index.php?rest_route=\/wp\/v2\/pages\/461\/revisions\/507"}],"wp:attachment":[{"href":"http:\/\/prenezracines.tb6380.com\/index.php?rest_route=%2Fwp%2Fv2%2Fmedia&parent=461"}],"curies":[{"name":"wp","href":"https:\/\/api.w.org\/{rel}","templated":true}]}}