{"id":732,"date":"2012-03-08T16:21:23","date_gmt":"2012-03-08T16:21:23","guid":{"rendered":"http:\/\/prenezracines.tb6380.com\/?page_id=732"},"modified":"2012-03-08T16:32:29","modified_gmt":"2012-03-08T16:32:29","slug":"plan","status":"publish","type":"page","link":"http:\/\/prenezracines.tb6380.com\/?page_id=732","title":{"rendered":"Plan"},"content":{"rendered":"<p>Voici un plan de la p\u00e9pini\u00e8re et des photographies d&rsquo;ensemble qui montre l&rsquo;\u00e9volution de la p\u00e9pini\u00e8re.<\/p>\n<p><a href=\"http:\/\/prenezracines.tb6380.com\/wp-content\/uploads\/2011\/07\/plan_pepin_nov2011.jpg\"><img loading=\"lazy\" decoding=\"async\" class=\"alignnone size-medium wp-image-621\" title=\"plan_pepin_nov2011\" src=\"http:\/\/prenezracines.tb6380.com\/wp-content\/uploads\/2011\/07\/plan_pepin_nov2011-300x145.jpg\" alt=\"\" width=\"300\" height=\"145\" srcset=\"http:\/\/prenezracines.tb6380.com\/wp-content\/uploads\/2011\/07\/plan_pepin_nov2011-300x145.jpg 300w, http:\/\/prenezracines.tb6380.com\/wp-content\/uploads\/2011\/07\/plan_pepin_nov2011.jpg 800w\" sizes=\"auto, (max-width: 300px) 100vw, 300px\" \/><\/a><a href=\"http:\/\/prenezracines.tb6380.com\/wp-content\/uploads\/2011\/11\/plan_pepin_2.jpg\"><img loading=\"lazy\" decoding=\"async\" class=\"alignnone size-medium wp-image-624\" title=\"plan_pepin_2\" src=\"http:\/\/prenezracines.tb6380.com\/wp-content\/uploads\/2011\/11\/plan_pepin_2-300x156.jpg\" alt=\"\" width=\"300\" height=\"156\" srcset=\"http:\/\/prenezracines.tb6380.com\/wp-content\/uploads\/2011\/11\/plan_pepin_2-300x156.jpg 300w, http:\/\/prenezracines.tb6380.com\/wp-content\/uploads\/2011\/11\/plan_pepin_2.jpg 800w\" sizes=\"auto, (max-width: 300px) 100vw, 300px\" \/><\/a><\/p>\n<p><span style=\"font-family: Georgia, 'Times New Roman', 'Bitstream Charter', Times, serif; line-height: 19px;\"><br \/>\n<\/span><\/p>\n","protected":false},"excerpt":{"rendered":"<p>Voici un plan de la p\u00e9pini\u00e8re et des photographies d&rsquo;ensemble qui montre l&rsquo;\u00e9volution de la p\u00e9pini\u00e8re.<\/p>\n","protected":false},"author":1,"featured_media":0,"parent":0,"menu_order":0,"comment_status":"open","ping_status":"open","template":"","meta":{"footnotes":""},"class_list":["post-732","page","type-page","status-publish","hentry"],"_links":{"self":[{"href":"http:\/\/prenezracines.tb6380.com\/index.php?rest_route=\/wp\/v2\/pages\/732","targetHints":{"allow":["GET"]}}],"collection":[{"href":"http:\/\/prenezracines.tb6380.com\/index.php?rest_route=\/wp\/v2\/pages"}],"about":[{"href":"http:\/\/prenezracines.tb6380.com\/index.php?rest_route=\/wp\/v2\/types\/page"}],"author":[{"embeddable":true,"href":"http:\/\/prenezracines.tb6380.com\/index.php?rest_route=\/wp\/v2\/users\/1"}],"replies":[{"embeddable":true,"href":"http:\/\/prenezracines.tb6380.com\/index.php?rest_route=%2Fwp%2Fv2%2Fcomments&post=732"}],"version-history":[{"count":4,"href":"http:\/\/prenezracines.tb6380.com\/index.php?rest_route=\/wp\/v2\/pages\/732\/revisions"}],"predecessor-version":[{"id":740,"href":"http:\/\/prenezracines.tb6380.com\/index.php?rest_route=\/wp\/v2\/pages\/732\/revisions\/740"}],"wp:attachment":[{"href":"http:\/\/prenezracines.tb6380.com\/index.php?rest_route=%2Fwp%2Fv2%2Fmedia&parent=732"}],"curies":[{"name":"wp","href":"https:\/\/api.w.org\/{rel}","templated":true}]}}