{"id":9,"date":"2010-12-02T08:33:07","date_gmt":"2010-12-02T08:33:07","guid":{"rendered":"http:\/\/prenezracines.tb6380.com\/?page_id=9"},"modified":"2011-10-22T10:42:38","modified_gmt":"2011-10-22T10:42:38","slug":"lauteur","status":"publish","type":"page","link":"http:\/\/prenezracines.tb6380.com\/?page_id=9","title":{"rendered":"L&rsquo;auteur"},"content":{"rendered":"<p>Thierry Boutonnier, n\u00e9 en 1980, vit et travaille \u00e0 Lyon en charmante compagnie. Il a \u00e9tudi\u00e9 \u00e0 l\u2019\u00e9cole Nationale des Beaux Art de Lyon et \u00e0 l\u2019universit\u00e9 de Concordia \u00e0 Montr\u00e9al. En 2010, il a obtenu un dipl\u00f4me universitaire \u00ab\u00a0Pollution et nuisance\u00a0\u00bb \u00e0 l&rsquo;<a title=\"IG2E\" href=\"http:\/\/ig2e.univ-lyon1.fr\/\" target=\"_blank\">universit\u00e9 Claude Bernard, Lyon <\/a><span style=\"text-decoration: underline;\"><span style=\"color: #0000ff;\">1<\/span><\/span>. En 2009, avec l&rsquo;\u00e9quipe du projet <a title=\"Et in arcadia ego\" href=\"http:\/\/www.etinarcadiaego.fr\/\" target=\"_blank\">ET IN ARCADIA EGO<\/a> il a particip\u00e9 au festival des jardins de Lausanne, il a aussi vendu des \u0153ufs frais \u00e0 la <a title=\"frech egg vending machine\" href=\"http:\/\/www.lesateliersderennes.fr\/edition-2010\/thierry-boutonnier\" target=\"_blank\">Biennale de Rennes<\/a>. C\u2019est un artiste non-sp\u00e9cialiste qui exp\u00e9rimente les intrications entre \u00ab l\u2019\u00e9conomique, le social et l\u2019environnement \u00bb afin de retrouver le Politique.<\/p>\n<p><a href=\"http:\/\/www.mehrlicht.fr\/download\/tb_fr_domestication_0811.pdf\">T\u00e9l\u00e9charger une documentation.<\/a><\/p>\n<p>Plus d&rsquo;infos sur son blog <a title=\"blog\" href=\"http:\/\/www.tb-rd.tb6380.com\/\" target=\"_blank\">www.tb-rd.tb6380.com<\/a><\/p>\n","protected":false},"excerpt":{"rendered":"<p>Thierry Boutonnier, n\u00e9 en 1980, vit et travaille \u00e0 Lyon en charmante compagnie. Il a \u00e9tudi\u00e9 \u00e0 l\u2019\u00e9cole Nationale des Beaux Art de Lyon et \u00e0 l\u2019universit\u00e9 de Concordia \u00e0 Montr\u00e9al. En 2010, il a obtenu un dipl\u00f4me universitaire \u00ab\u00a0Pollution &hellip; <a href=\"http:\/\/prenezracines.tb6380.com\/?page_id=9\">Continuer la lecture <span class=\"meta-nav\">&rarr;<\/span><\/a><\/p>\n","protected":false},"author":1,"featured_media":0,"parent":2,"menu_order":7,"comment_status":"open","ping_status":"open","template":"","meta":{"footnotes":""},"class_list":["post-9","page","type-page","status-publish","hentry"],"_links":{"self":[{"href":"http:\/\/prenezracines.tb6380.com\/index.php?rest_route=\/wp\/v2\/pages\/9","targetHints":{"allow":["GET"]}}],"collection":[{"href":"http:\/\/prenezracines.tb6380.com\/index.php?rest_route=\/wp\/v2\/pages"}],"about":[{"href":"http:\/\/prenezracines.tb6380.com\/index.php?rest_route=\/wp\/v2\/types\/page"}],"author":[{"embeddable":true,"href":"http:\/\/prenezracines.tb6380.com\/index.php?rest_route=\/wp\/v2\/users\/1"}],"replies":[{"embeddable":true,"href":"http:\/\/prenezracines.tb6380.com\/index.php?rest_route=%2Fwp%2Fv2%2Fcomments&post=9"}],"version-history":[{"count":8,"href":"http:\/\/prenezracines.tb6380.com\/index.php?rest_route=\/wp\/v2\/pages\/9\/revisions"}],"predecessor-version":[{"id":522,"href":"http:\/\/prenezracines.tb6380.com\/index.php?rest_route=\/wp\/v2\/pages\/9\/revisions\/522"}],"up":[{"embeddable":true,"href":"http:\/\/prenezracines.tb6380.com\/index.php?rest_route=\/wp\/v2\/pages\/2"}],"wp:attachment":[{"href":"http:\/\/prenezracines.tb6380.com\/index.php?rest_route=%2Fwp%2Fv2%2Fmedia&parent=9"}],"curies":[{"name":"wp","href":"https:\/\/api.w.org\/{rel}","templated":true}]}}